{"id":1169,"date":"2019-07-04T18:20:40","date_gmt":"2019-07-04T16:20:40","guid":{"rendered":"https:\/\/www.atominternational.fr\/casa\/"},"modified":"2019-07-09T09:11:30","modified_gmt":"2019-07-09T07:11:30","slug":"casa","status":"publish","type":"page","link":"https:\/\/www.atominternational.fr\/es\/","title":{"rendered":"Casa"},"content":{"rendered":"<p>[et_pb_section fb_built=\u00bb1&#8243; disabled_on=\u00bbon|off|off\u00bb admin_label=\u00bbFond Menu\u00bb _builder_version=\u00bb3.25.2&#8243; width=\u00bb75%\u00bb module_alignment=\u00bbright\u00bb custom_margin=\u00bb-9px||-9px||true\u00bb custom_padding=\u00bb0px|0px|30px|0px||\u00bb top_divider_style=\u00bbasymmetric4&#8243; top_divider_color=\u00bb#115846&#8243; top_divider_height=\u00bb126px\u00bb global_module=\u00bb151&#8243; saved_tabs=\u00bball\u00bb][\/et_pb_section][et_pb_section fb_built=\u00bb1&#8243; fullwidth=\u00bbon\u00bb _builder_version=\u00bb3.25.2&#8243;][et_pb_fullwidth_slider _builder_version=\u00bb3.25.3&#8243; min_height=\u00bb425px\u00bb custom_margin=\u00bb41px|||||\u00bb animation_style=\u00bbfade\u00bb auto=\u00bbon\u00bb auto_speed=\u00bb3000&#8243;][et_pb_slide _builder_version=\u00bb3.25.3&#8243; background_image=\u00bbhttps:\/\/www.atominternational.fr\/wp-content\/uploads\/2019\/07\/sl4acc_es.jpg\u00bb button_alignment=\u00bbright\u00bb][\/et_pb_slide][et_pb_slide _builder_version=\u00bb3.25.2&#8243; background_image=\u00bbhttps:\/\/www.atominternational.fr\/wp-content\/uploads\/2019\/07\/sl1acc_es.jpg\u00bb button_alignment=\u00bbright\u00bb][\/et_pb_slide][et_pb_slide _builder_version=\u00bb3.25.2&#8243; background_image=\u00bbhttps:\/\/www.atominternational.fr\/wp-content\/uploads\/2019\/07\/sl2acc_es.jpg\u00bb button_alignment=\u00bbright\u00bb][\/et_pb_slide][et_pb_slide _builder_version=\u00bb3.25.2&#8243; background_image=\u00bbhttps:\/\/www.atominternational.fr\/wp-content\/uploads\/2019\/07\/sl3acc_es.jpg\u00bb button_alignment=\u00bbright\u00bb][\/et_pb_slide][\/et_pb_fullwidth_slider][\/et_pb_section][et_pb_section fb_built=\u00bb1&#8243; disabled_on=\u00bbon|on|off\u00bb _builder_version=\u00bb3.25.3&#8243; background_image=\u00bbhttps:\/\/www.atominternational.fr\/wp-content\/uploads\/2019\/06\/tabtopb.jpg\u00bb background_size=\u00bbinitial\u00bb background_position=\u00bbtop_left\u00bb min_height=\u00bb350px\u00bb custom_margin=\u00bb25px||25px|107px||\u00bb custom_padding=\u00bb47px|||||\u00bb][et_pb_row column_structure=\u00bb1_2,1_2&#8243; custom_margin=\u00bb19px|auto||auto||\u00bb _builder_version=\u00bb3.25.2&#8243;][et_pb_column type=\u00bb1_2&#8243; _builder_version=\u00bb3.25.2&#8243; border_color_all=\u00bb#08664c\u00bb custom_padding=\u00bb0px|6px|0px|6px|true|true\u00bb][et_pb_text _builder_version=\u00bb3.25.3&#8243; text_font=\u00bb||||||||\u00bb header_font=\u00bb||||||||\u00bb header_2_font=\u00bb||||||||\u00bb header_2_text_color=\u00bb#fec602&#8243; header_3_font=\u00bb||||||||\u00bb header_3_text_color=\u00bb#ffffff\u00bb header_3_font_size=\u00bb13px\u00bb width=\u00bb300px\u00bb min_height=\u00bb170px\u00bb custom_margin=\u00bb-74px||\u00bb custom_padding=\u00bb0px||\u00bb link_option_url=\u00bbhttps:\/\/www.atominternational.fr\/es\/quienes-somos\/\u00bb]<\/p>\n<h2>Selecci\u00f3n de productos<\/h2>\n<h3>Directamente de los mejores cultivos<\/h3>\n<p>[\/et_pb_text][\/et_pb_column][et_pb_column type=\u00bb1_2&#8243; _builder_version=\u00bb3.25.2&#8243;][et_pb_code _builder_version=\u00bb3.25.3&#8243;]<\/p>\n<div class=\"atom-exp1\"><!-- [et_pb_line_break_holder] -->  <pee><img decoding=\"async\" class=\"atom-number\" src=\"\/wp-content\/uploads\/2019\/06\/un.png\"><!-- [et_pb_line_break_holder] --> PREPARACI\u00d3N<!-- [et_pb_line_break_holder] -->  <\/pee><!-- [et_pb_line_break_holder] -->  <img decoding=\"async\" class=\"atom-visu\" src=\"\/wp-content\/uploads\/2019\/06\/palette.gif\"><!-- [et_pb_line_break_holder] --><\/div>\n<p><!-- [et_pb_line_break_holder] --><!-- [et_pb_line_break_holder] --><\/p>\n<div class=\"atom-exp2\"><!-- [et_pb_line_break_holder] -->   <pee><img decoding=\"async\" class=\"atom-number\" src=\"\/wp-content\/uploads\/2019\/06\/deux.png\"><!-- [et_pb_line_break_holder] --> FORMALIDADES<!-- [et_pb_line_break_holder] -->  <\/pee><!-- [et_pb_line_break_holder] -->  <img decoding=\"async\" class=\"atom-visu\" src=\"\/wp-content\/uploads\/2019\/06\/disquette.gif\"><!-- [et_pb_line_break_holder] -->  <\/p>\n<ul><!-- [et_pb_line_break_holder] -->  <\/p>\n<li>Aduaneras<\/li>\n<p><!-- [et_pb_line_break_holder] -->  <\/p>\n<li>Fitosanitarias<\/li>\n<p><!-- [et_pb_line_break_holder] -->  <\/p>\n<li>Sanitarias <\/li>\n<p><!-- [et_pb_line_break_holder] -->  <\/ul>\n<p> <!-- [et_pb_line_break_holder] -->  <!-- [et_pb_line_break_holder] -->  <!-- [et_pb_line_break_holder] --><\/div>\n<p><!-- [et_pb_line_break_holder] --><!-- [et_pb_line_break_holder] --><\/p>\n<div class=\"atom-exp3\"><!-- [et_pb_line_break_holder] --> <pee><img decoding=\"async\" class=\"atom-number\" src=\"\/wp-content\/uploads\/2019\/06\/trois.png\"> TRANSPORTE<\/pee><!-- [et_pb_line_break_holder] -->    <a href=\"https:\/\/www.atominternational.fr\/es\/atom-maritimo\/\"><img decoding=\"async\" class=\"atom-visu\" src=\"\/wp-content\/uploads\/2019\/06\/bateau.gif\">Atom Mar\u00edtimo<\/a><!-- [et_pb_line_break_holder] -->  <a href=\"https:\/\/www.atominternational.fr\/es\/atom-aereo\/\"><img decoding=\"async\" class=\"atom-visu\" src=\"\/wp-content\/uploads\/2019\/06\/avion.gif\">Atom A\u00e9reo<\/a><!-- [et_pb_line_break_holder] --><\/div>\n<p><!-- [et_pb_line_break_holder] --><!-- [et_pb_line_break_holder] -->[\/et_pb_code][\/et_pb_column][\/et_pb_row][et_pb_row column_structure=\u00bb1_2,1_6,1_6,1_6&#8243; custom_margin=\u00bb-11px|auto|-47px|auto||\u00bb _builder_version=\u00bb3.25.2&#8243;][et_pb_column type=\u00bb1_2&#8243; _builder_version=\u00bb3.25.2&#8243;][et_pb_cta button_url=\u00bbhttps:\/\/www.atominternational.fr\/es\/contacto\/\u00bb button_text=\u00bbLeer m\u00e1s\u00bb _builder_version=\u00bb3.25.4&#8243; body_font=\u00bb||||||||\u00bb body_font_size=\u00bb12px\u00bb body_line_height=\u00bb1.2em\u00bb background_color=\u00bbrgba(17,88,70,0)\u00bb custom_button=\u00bbon\u00bb button_text_size=\u00bb18px\u00bb button_bg_color=\u00bb#fec602&#8243; button_border_color=\u00bb#115846&#8243; button_border_radius=\u00bb42px\u00bb button_font=\u00bb|600|||||||\u00bb button_icon=\u00bb%%47%%\u00bb button_on_hover=\u00bboff\u00bb button_custom_margin=\u00bb-10px||\u00bb text_orientation=\u00bbleft\u00bb width=\u00bb220px\u00bb max_width=\u00bb100%\u00bb min_height=\u00bb100px\u00bb custom_margin=\u00bb-190px|||129px\u00bb custom_padding=\u00bb||0px|0px||\u00bb link_option_url=\u00bb\/fr\/contact\/\u00bb]Productos alimentarios frescos y ultra frescos : frutas y verduras, productos l\u00e1cteos, carnes, embutidos, pescados y mariscos, productos para la restauraci\u00f3n\u2026.[\/et_pb_cta][\/et_pb_column][et_pb_column type=\u00bb1_6&#8243; _builder_version=\u00bb3.25.2&#8243;][\/et_pb_column][et_pb_column type=\u00bb1_6&#8243; _builder_version=\u00bb3.25.2&#8243;][\/et_pb_column][et_pb_column type=\u00bb1_6&#8243; _builder_version=\u00bb3.25.2&#8243;][\/et_pb_column][\/et_pb_row][\/et_pb_section][et_pb_section fb_built=\u00bb1&#8243; next_background_color=\u00bb#ffffff\u00bb module_class=\u00bbatom-apple\u00bb _builder_version=\u00bb3.25.3&#8243; background_image=\u00bbhttps:\/\/www.atominternational.fr\/wp-content\/uploads\/2019\/06\/33363633423_d245b85f11_k.jpg\u00bb min_height=\u00bb555px\u00bb bottom_divider_style=\u00bbasymmetric2&#8243; bottom_divider_height=\u00bb51px\u00bb bottom_divider_flip=\u00bbvertical\u00bb][et_pb_row column_structure=\u00bb3_5,2_5&#8243; custom_padding=\u00bb|17px||17px||true\u00bb custom_margin=\u00bb|-2px||-2px|true|true\u00bb _builder_version=\u00bb3.25.2&#8243; background_color=\u00bbrgba(255,255,255,0.94)\u00bb width=\u00bb96%\u00bb][et_pb_column type=\u00bb3_5&#8243; _builder_version=\u00bb3.25.2&#8243;][et_pb_text module_class=\u00bbatom-bienvenue\u00bb _builder_version=\u00bb3.25.3&#8243; text_font=\u00bb||||||||\u00bb text_font_size=\u00bb18px\u00bb text_line_height=\u00bb2em\u00bb header_font_size=\u00bb60px\u00bb header_line_height=\u00bb1.2em\u00bb text_font_size_phone=\u00bb16px\u00bb text_font_size_last_edited=\u00bbon|phone\u00bb header_font_size_tablet=\u00bb50px\u00bb header_font_size_phone=\u00bb40px\u00bb header_font_size_last_edited=\u00bbon|phone\u00bb locked=\u00bboff\u00bb]<\/p>\n<h1>Bienvenidos a Atom<\/h1>\n<p><img loading=\"lazy\" decoding=\"async\" src=\"https:\/\/www.atominternational.fr\/wp-content\/uploads\/2019\/06\/atom-pomme-261x300.png\" alt=\"\" class=\"wp-image-210 alignnone size-medium\" style=\"float: left;\" width=\"261\" height=\"300\" srcset=\"https:\/\/www.atominternational.fr\/wp-content\/uploads\/2019\/06\/atom-pomme-261x300.png 261w, https:\/\/www.atominternational.fr\/wp-content\/uploads\/2019\/06\/atom-pomme.png 293w\" sizes=\"auto, (max-width: 261px) 100vw, 261px\" \/>Especialistas en la exportaci\u00f3n de productos agroalimentarios hacia \u00c1frica y los territorios de ultramar franceses desde 1994, ponemos a disposici\u00f3n de nuestros clientes toda nuestra experiencia: para importadores, mayoristas, grandes y medianas superficies, restaurantes y hoteles.<br \/> Nuestro perfecto conocimiento de las particularidades de los mercados y productos les garantizan los servicios y mercanc\u00edas a la altura de sus exigencias.<\/p>\n<p>[\/et_pb_text][et_pb_button button_text=\u00bbLeer m\u00e1s\u00bb button_alignment=\u00bbcenter\u00bb _builder_version=\u00bb3.25.2&#8243; custom_button=\u00bbon\u00bb button_text_color=\u00bb#ffffff\u00bb button_bg_color=\u00bb#fec602&#8243; button_border_color=\u00bb#115846&#8243; button_border_radius=\u00bb22px\u00bb button_font=\u00bb|600|||||||\u00bb button_icon=\u00bb%%47%%\u00bb button_on_hover=\u00bboff\u00bb][\/et_pb_button][\/et_pb_column][et_pb_column type=\u00bb2_5&#8243; _builder_version=\u00bb3.25.2&#8243;][et_pb_text ul_type=\u00bbsquare\u00bb _builder_version=\u00bb3.25.3&#8243; text_font=\u00bb||||||||\u00bb ul_font=\u00bb|600|||||||\u00bb ul_text_color=\u00bb#115846&#8243; ul_font_size=\u00bb17px\u00bb ul_line_height=\u00bb1.8em\u00bb header_font=\u00bb||||||||\u00bb header_2_font=\u00bb||||||||\u00bb header_2_font_size=\u00bb30px\u00bb header_3_font=\u00bb||||||||\u00bb custom_margin=\u00bb||3px|||\u00bb custom_padding=\u00bb24px|||||\u00bb ul_font_size_phone=\u00bb14px\u00bb ul_font_size_last_edited=\u00bbon|desktop\u00bb header_font_size_phone=\u00bb30px\u00bb header_font_size_last_edited=\u00bbon|desktop\u00bb]<\/p>\n<h2>Nuestros compromisos<\/h2>\n<p><\/p>\n<ul>\n<li>Calidad irreprochable de nuestros productos.<\/li>\n<li>Trazabilidad y frescor garantizados.<\/li>\n<li>Gesti\u00f3n del abastecimiento hasta la entrega.<\/li>\n<li>Satisfacci\u00f3n de nuestros clientes.<\/li>\n<li>Conocimiento perfecto del mercado.<\/li>\n<li>Servicio a medida.<\/li>\n<\/ul>\n<p>[\/et_pb_text][et_pb_button button_text=\u00bbPetici\u00f3n de cotizaci\u00f3n\u00bb button_alignment=\u00bbleft\u00bb _builder_version=\u00bb3.25.2&#8243; custom_button=\u00bbon\u00bb button_text_color=\u00bb#ffffff\u00bb button_bg_color=\u00bb#115846&#8243; button_border_color=\u00bb#6d6d6d\u00bb button_border_radius=\u00bb22px\u00bb button_font=\u00bb||||||||\u00bb][\/et_pb_button][\/et_pb_column][\/et_pb_row][\/et_pb_section][et_pb_section fb_built=\u00bb1&#8243; specialty=\u00bbon\u00bb custom_padding_last_edited=\u00bbon|phone\u00bb prev_background_color=\u00bb#ffffff\u00bb padding_1_tablet=\u00bb|10%||10%||true\u00bb disabled_on=\u00bboff|off|off\u00bb admin_label=\u00bbFooter\u00bb _builder_version=\u00bb3.25.2&#8243; use_background_color_gradient=\u00bbon\u00bb background_color_gradient_start=\u00bbrgba(29,38,0,0.14)\u00bb background_color_gradient_end=\u00bbrgba(29,38,0,0.6)\u00bb background_color_gradient_direction=\u00bb45deg\u00bb background_color_gradient_overlays_image=\u00bbon\u00bb background_image=\u00bbhttps:\/\/www.atominternational.fr\/wp-content\/uploads\/2019\/06\/rungis.jpg\u00bb custom_margin=\u00bb7px||\u00bb custom_padding=\u00bb124px|0px|124px|0px|true|false\u00bb custom_padding_phone=\u00bb80px||80px||true\u00bb top_divider_style=\u00bbasymmetric2&#8243; top_divider_flip=\u00bbvertical\u00bb global_module=\u00bb158&#8243; saved_tabs=\u00bball\u00bb collapsed=\u00bboff\u00bb][et_pb_column type=\u00bb1_2&#8243; specialty_columns=\u00bb2&#8243; _builder_version=\u00bb3.25&#8243; custom_padding=\u00bb|||\u00bb custom_padding__hover=\u00bb|||\u00bb][et_pb_row_inner custom_padding=\u00bb|30px||30px|false|true\u00bb padding_top_bottom_link_2=\u00bbtrue\u00bb padding_left_right_link_2=\u00bbtrue\u00bb _builder_version=\u00bb3.25&#8243; background_color=\u00bb#ffffff\u00bb][et_pb_column_inner saved_specialty_column_type=\u00bb1_2&#8243; _builder_version=\u00bb3.25&#8243; custom_padding=\u00bb|||\u00bb custom_padding__hover=\u00bb|||\u00bb][et_pb_text _builder_version=\u00bb3.25.4&#8243; text_font=\u00bb||||||||\u00bb header_font=\u00bb||||||||\u00bb header_2_font=\u00bb||||||||\u00bb header_4_font=\u00bb|700||on|||||\u00bb header_4_text_color=\u00bbrgba(0,0,0,0.5)\u00bb header_4_font_size=\u00bb14px\u00bb header_4_letter_spacing=\u00bb1px\u00bb header_4_line_height=\u00bb1.5em\u00bb]<\/p>\n<h2>Contacto<\/h2>\n<p>&nbsp;<\/p>\n<p>[\/et_pb_text][et_pb_blurb title=\u00bb+33 (0)1 48 84 35 35&#8243; use_icon=\u00bbon\u00bb font_icon=\u00bb%%264%%\u00bb icon_color=\u00bb#293600&#8243; icon_placement=\u00bbleft\u00bb use_icon_font_size=\u00bbon\u00bb icon_font_size=\u00bb20px\u00bb _builder_version=\u00bb3.25.4&#8243; header_font=\u00bb|700||on|||||\u00bb header_text_color=\u00bb#1d2600&#8243; header_font_size=\u00bb14px\u00bb header_line_height=\u00bb1.8em\u00bb body_font=\u00bb||||||||\u00bb background_layout=\u00bbdark\u00bb custom_margin=\u00bb20px|||\u00bb animation=\u00bboff\u00bb][\/et_pb_blurb][et_pb_blurb title=\u00bb contact@atominternational.com\u00bb url=\u00bbmailto:contact@atominternational.com\u00bb use_icon=\u00bbon\u00bb font_icon=\u00bb%%238%%\u00bb icon_color=\u00bb#293600&#8243; icon_placement=\u00bbleft\u00bb use_icon_font_size=\u00bbon\u00bb icon_font_size=\u00bb20px\u00bb _builder_version=\u00bb3.25.4&#8243; header_font=\u00bb|700||on|||||\u00bb header_text_color=\u00bb#1d2600&#8243; header_font_size=\u00bb14px\u00bb header_line_height=\u00bb1.8em\u00bb background_layout=\u00bbdark\u00bb custom_margin=\u00bb20px|||\u00bb animation=\u00bboff\u00bb link_option_url=\u00bbmailto:contact@atominternational.com\u00bb header_font_size_phone=\u00bb12px\u00bb header_font_size_last_edited=\u00bbon|phone\u00bb][\/et_pb_blurb][et_pb_blurb title=\u00bb94 rue de Ch\u00e2teaurenard &#8211; B\u00e2timent D2 \u00bb use_icon=\u00bbon\u00bb font_icon=\u00bb%%249%%\u00bb icon_color=\u00bb#293600&#8243; icon_placement=\u00bbleft\u00bb use_icon_font_size=\u00bbon\u00bb icon_font_size=\u00bb20px\u00bb _builder_version=\u00bb3.25.4&#8243; header_font=\u00bb|700||on|||||\u00bb header_text_color=\u00bb#1d2600&#8243; header_font_size=\u00bb14px\u00bb header_line_height=\u00bb1.8em\u00bb body_font=\u00bb||||||||\u00bb body_text_color=\u00bb#000000&#8243; background_layout=\u00bbdark\u00bb custom_margin=\u00bb20px|||\u00bb animation=\u00bboff\u00bb]<\/p>\n<h4>CP 90233 &#8211; 94582 RUNGIS CEDEX M.I.N. &#8211; FRANCE<\/h4>\n<p>[\/et_pb_blurb][\/et_pb_column_inner][\/et_pb_row_inner][et_pb_row_inner custom_padding=\u00bb0||||false|false\u00bb _builder_version=\u00bb3.25&#8243;][et_pb_column_inner saved_specialty_column_type=\u00bb1_2&#8243; _builder_version=\u00bb3.25&#8243; custom_padding=\u00bb|||\u00bb custom_padding__hover=\u00bb|||\u00bb][et_pb_button button_url=\u00bbhttps:\/\/www.atominternational.fr\/es\/contacto\/\u00bb button_text=\u00bbEnviar un mensaje\u00bb button_alignment=\u00bbright\u00bb _builder_version=\u00bb3.25.3&#8243; custom_button=\u00bbon\u00bb button_text_size=\u00bb16px\u00bb button_bg_color=\u00bb#ffb031&#8243; button_border_width=\u00bb0px\u00bb button_border_radius=\u00bb0px\u00bb button_letter_spacing=\u00bb2px\u00bb button_font=\u00bb|700||on|||||\u00bb button_icon=\u00bb%%3%%\u00bb background_layout=\u00bbdark\u00bb custom_margin=\u00bb|||\u00bb custom_padding=\u00bb16px|40px|16px|40px|true|true\u00bb animation_style=\u00bbfold\u00bb animation_direction=\u00bbtop\u00bb locked=\u00bboff\u00bb button_text_size__hover_enabled=\u00bboff\u00bb button_one_text_size__hover_enabled=\u00bboff\u00bb button_two_text_size__hover_enabled=\u00bboff\u00bb button_text_color__hover_enabled=\u00bboff\u00bb button_one_text_color__hover_enabled=\u00bboff\u00bb button_two_text_color__hover_enabled=\u00bboff\u00bb button_border_width__hover_enabled=\u00bboff\u00bb button_one_border_width__hover_enabled=\u00bboff\u00bb button_two_border_width__hover_enabled=\u00bboff\u00bb button_border_color__hover_enabled=\u00bboff\u00bb button_one_border_color__hover_enabled=\u00bboff\u00bb button_two_border_color__hover_enabled=\u00bboff\u00bb button_border_radius__hover_enabled=\u00bboff\u00bb button_one_border_radius__hover_enabled=\u00bboff\u00bb button_two_border_radius__hover_enabled=\u00bboff\u00bb button_letter_spacing__hover_enabled=\u00bboff\u00bb button_one_letter_spacing__hover_enabled=\u00bboff\u00bb button_two_letter_spacing__hover_enabled=\u00bboff\u00bb button_bg_color__hover_enabled=\u00bboff\u00bb button_one_bg_color__hover_enabled=\u00bboff\u00bb button_two_bg_color__hover_enabled=\u00bboff\u00bb][\/et_pb_button][\/et_pb_column_inner][\/et_pb_row_inner][\/et_pb_column][et_pb_column type=\u00bb1_2&#8243; _builder_version=\u00bb3.25&#8243; custom_padding=\u00bb|||\u00bb custom_padding__hover=\u00bb|||\u00bb][et_pb_text _builder_version=\u00bb3.25.2&#8243; text_font=\u00bb||||||||\u00bb text_font_size=\u00bb16px\u00bb text_line_height=\u00bb2em\u00bb header_2_font=\u00bbCormorant Garamond|700|||||||\u00bb header_2_font_size=\u00bb52px\u00bb header_2_line_height=\u00bb1.2em\u00bb background_layout=\u00bbdark\u00bb custom_margin=\u00bb|||\u00bb header_2_font_size_tablet=\u00bb42px\u00bb header_2_font_size_phone=\u00bb32px\u00bb header_2_font_size_last_edited=\u00bbon|desktop\u00bb locked=\u00bboff\u00bb]<\/p>\n<h2>\u00bfNecesita informaci\u00f3n?<\/h2>\n<p>Para cualquier consulta o listado, puede ponerse en contacto con nosotros por tel\u00e9fono, correo electr\u00f3nico o utilizar el formulario de contacto.<\/p>\n<p>[\/et_pb_text][\/et_pb_column][\/et_pb_section]<\/p>\n","protected":false},"excerpt":{"rendered":"<p>Selecci\u00f3n de productos Directamente de los mejores cultivosProductos alimentarios frescos y ultra frescos : frutas y verduras, productos l\u00e1cteos, carnes, embutidos, pescados y mariscos, productos para la restauraci\u00f3n\u2026.Bienvenidos a Atom Especialistas en la exportaci\u00f3n de productos agroalimentarios hacia \u00c1frica y los territorios de ultramar franceses desde 1994, ponemos a disposici\u00f3n de nuestros clientes toda nuestra [&hellip;]<\/p>\n","protected":false},"author":1,"featured_media":0,"parent":0,"menu_order":0,"comment_status":"closed","ping_status":"closed","template":"","meta":{"_et_pb_use_builder":"on","_et_pb_old_content":"","_et_gb_content_width":"","footnotes":""},"class_list":["post-1169","page","type-page","status-publish","hentry"],"yoast_head":"<!-- This site is optimized with the Yoast SEO plugin v25.5 - https:\/\/yoast.com\/wordpress\/plugins\/seo\/ -->\n<title>Casa - ATOM<\/title>\n<meta name=\"robots\" content=\"index, follow, max-snippet:-1, max-image-preview:large, max-video-preview:-1\" \/>\n<link rel=\"canonical\" href=\"https:\/\/www.atominternational.fr\/es\/\" \/>\n<meta property=\"og:locale\" content=\"es_ES\" \/>\n<meta property=\"og:type\" content=\"article\" \/>\n<meta property=\"og:title\" content=\"Casa - ATOM\" \/>\n<meta property=\"og:description\" content=\"Selecci\u00f3n de productos Directamente de los mejores cultivosProductos alimentarios frescos y ultra frescos : frutas y verduras, productos l\u00e1cteos, carnes, embutidos, pescados y mariscos, productos para la restauraci\u00f3n\u2026.Bienvenidos a Atom Especialistas en la exportaci\u00f3n de productos agroalimentarios hacia \u00c1frica y los territorios de ultramar franceses desde 1994, ponemos a disposici\u00f3n de nuestros clientes toda nuestra [&hellip;]\" \/>\n<meta property=\"og:url\" content=\"https:\/\/www.atominternational.fr\/es\/\" \/>\n<meta property=\"og:site_name\" content=\"ATOM\" \/>\n<meta property=\"article:modified_time\" content=\"2019-07-09T07:11:30+00:00\" \/>\n<meta property=\"og:image\" content=\"https:\/\/www.atominternational.fr\/wp-content\/uploads\/2019\/06\/un.png\" \/>\n<meta name=\"twitter:card\" content=\"summary_large_image\" \/>\n<meta name=\"twitter:label1\" content=\"Tiempo de lectura\" \/>\n\t<meta name=\"twitter:data1\" content=\"8 minutos\" \/>\n<script type=\"application\/ld+json\" class=\"yoast-schema-graph\">{\"@context\":\"https:\/\/schema.org\",\"@graph\":[{\"@type\":\"WebPage\",\"@id\":\"https:\/\/www.atominternational.fr\/es\/\",\"url\":\"https:\/\/www.atominternational.fr\/es\/\",\"name\":\"Casa - ATOM\",\"isPartOf\":{\"@id\":\"https:\/\/www.atominternational.fr\/es\/#website\"},\"primaryImageOfPage\":{\"@id\":\"https:\/\/www.atominternational.fr\/es\/#primaryimage\"},\"image\":{\"@id\":\"https:\/\/www.atominternational.fr\/es\/#primaryimage\"},\"thumbnailUrl\":\"https:\/\/www.atominternational.fr\/wp-content\/uploads\/2019\/06\/atom-pomme-261x300.png\",\"datePublished\":\"2019-07-04T16:20:40+00:00\",\"dateModified\":\"2019-07-09T07:11:30+00:00\",\"breadcrumb\":{\"@id\":\"https:\/\/www.atominternational.fr\/es\/#breadcrumb\"},\"inLanguage\":\"es\",\"potentialAction\":[{\"@type\":\"ReadAction\",\"target\":[\"https:\/\/www.atominternational.fr\/es\/\"]}]},{\"@type\":\"ImageObject\",\"inLanguage\":\"es\",\"@id\":\"https:\/\/www.atominternational.fr\/es\/#primaryimage\",\"url\":\"https:\/\/www.atominternational.fr\/wp-content\/uploads\/2019\/06\/atom-pomme-261x300.png\",\"contentUrl\":\"https:\/\/www.atominternational.fr\/wp-content\/uploads\/2019\/06\/atom-pomme-261x300.png\"},{\"@type\":\"BreadcrumbList\",\"@id\":\"https:\/\/www.atominternational.fr\/es\/#breadcrumb\",\"itemListElement\":[{\"@type\":\"ListItem\",\"position\":1,\"name\":\"Accueil\",\"item\":\"https:\/\/www.atominternational.fr\/es\/\"},{\"@type\":\"ListItem\",\"position\":2,\"name\":\"Casa\"}]},{\"@type\":\"WebSite\",\"@id\":\"https:\/\/www.atominternational.fr\/es\/#website\",\"url\":\"https:\/\/www.atominternational.fr\/es\/\",\"name\":\"ATOM\",\"description\":\"Exportateur de produits agro-alimentaires vers l&#039;Afrique, les Dom-Tom et l&#039;Asie\",\"potentialAction\":[{\"@type\":\"SearchAction\",\"target\":{\"@type\":\"EntryPoint\",\"urlTemplate\":\"https:\/\/www.atominternational.fr\/es\/?s={search_term_string}\"},\"query-input\":{\"@type\":\"PropertyValueSpecification\",\"valueRequired\":true,\"valueName\":\"search_term_string\"}}],\"inLanguage\":\"es\"}]}<\/script>\n<!-- \/ Yoast SEO plugin. -->","yoast_head_json":{"title":"Casa - ATOM","robots":{"index":"index","follow":"follow","max-snippet":"max-snippet:-1","max-image-preview":"max-image-preview:large","max-video-preview":"max-video-preview:-1"},"canonical":"https:\/\/www.atominternational.fr\/es\/","og_locale":"es_ES","og_type":"article","og_title":"Casa - ATOM","og_description":"Selecci\u00f3n de productos Directamente de los mejores cultivosProductos alimentarios frescos y ultra frescos : frutas y verduras, productos l\u00e1cteos, carnes, embutidos, pescados y mariscos, productos para la restauraci\u00f3n\u2026.Bienvenidos a Atom Especialistas en la exportaci\u00f3n de productos agroalimentarios hacia \u00c1frica y los territorios de ultramar franceses desde 1994, ponemos a disposici\u00f3n de nuestros clientes toda nuestra [&hellip;]","og_url":"https:\/\/www.atominternational.fr\/es\/","og_site_name":"ATOM","article_modified_time":"2019-07-09T07:11:30+00:00","og_image":[{"url":"https:\/\/www.atominternational.fr\/wp-content\/uploads\/2019\/06\/un.png","type":"","width":"","height":""}],"twitter_card":"summary_large_image","twitter_misc":{"Tiempo de lectura":"8 minutos"},"schema":{"@context":"https:\/\/schema.org","@graph":[{"@type":"WebPage","@id":"https:\/\/www.atominternational.fr\/es\/","url":"https:\/\/www.atominternational.fr\/es\/","name":"Casa - ATOM","isPartOf":{"@id":"https:\/\/www.atominternational.fr\/es\/#website"},"primaryImageOfPage":{"@id":"https:\/\/www.atominternational.fr\/es\/#primaryimage"},"image":{"@id":"https:\/\/www.atominternational.fr\/es\/#primaryimage"},"thumbnailUrl":"https:\/\/www.atominternational.fr\/wp-content\/uploads\/2019\/06\/atom-pomme-261x300.png","datePublished":"2019-07-04T16:20:40+00:00","dateModified":"2019-07-09T07:11:30+00:00","breadcrumb":{"@id":"https:\/\/www.atominternational.fr\/es\/#breadcrumb"},"inLanguage":"es","potentialAction":[{"@type":"ReadAction","target":["https:\/\/www.atominternational.fr\/es\/"]}]},{"@type":"ImageObject","inLanguage":"es","@id":"https:\/\/www.atominternational.fr\/es\/#primaryimage","url":"https:\/\/www.atominternational.fr\/wp-content\/uploads\/2019\/06\/atom-pomme-261x300.png","contentUrl":"https:\/\/www.atominternational.fr\/wp-content\/uploads\/2019\/06\/atom-pomme-261x300.png"},{"@type":"BreadcrumbList","@id":"https:\/\/www.atominternational.fr\/es\/#breadcrumb","itemListElement":[{"@type":"ListItem","position":1,"name":"Accueil","item":"https:\/\/www.atominternational.fr\/es\/"},{"@type":"ListItem","position":2,"name":"Casa"}]},{"@type":"WebSite","@id":"https:\/\/www.atominternational.fr\/es\/#website","url":"https:\/\/www.atominternational.fr\/es\/","name":"ATOM","description":"Exportateur de produits agro-alimentaires vers l&#039;Afrique, les Dom-Tom et l&#039;Asie","potentialAction":[{"@type":"SearchAction","target":{"@type":"EntryPoint","urlTemplate":"https:\/\/www.atominternational.fr\/es\/?s={search_term_string}"},"query-input":{"@type":"PropertyValueSpecification","valueRequired":true,"valueName":"search_term_string"}}],"inLanguage":"es"}]}},"_links":{"self":[{"href":"https:\/\/www.atominternational.fr\/es\/wp-json\/wp\/v2\/pages\/1169","targetHints":{"allow":["GET"]}}],"collection":[{"href":"https:\/\/www.atominternational.fr\/es\/wp-json\/wp\/v2\/pages"}],"about":[{"href":"https:\/\/www.atominternational.fr\/es\/wp-json\/wp\/v2\/types\/page"}],"author":[{"embeddable":true,"href":"https:\/\/www.atominternational.fr\/es\/wp-json\/wp\/v2\/users\/1"}],"replies":[{"embeddable":true,"href":"https:\/\/www.atominternational.fr\/es\/wp-json\/wp\/v2\/comments?post=1169"}],"version-history":[{"count":51,"href":"https:\/\/www.atominternational.fr\/es\/wp-json\/wp\/v2\/pages\/1169\/revisions"}],"predecessor-version":[{"id":1755,"href":"https:\/\/www.atominternational.fr\/es\/wp-json\/wp\/v2\/pages\/1169\/revisions\/1755"}],"wp:attachment":[{"href":"https:\/\/www.atominternational.fr\/es\/wp-json\/wp\/v2\/media?parent=1169"}],"curies":[{"name":"wp","href":"https:\/\/api.w.org\/{rel}","templated":true}]}}