{"id":1187,"date":"2019-07-04T18:36:57","date_gmt":"2019-07-04T16:36:57","guid":{"rendered":"https:\/\/www.atominternational.fr\/productos\/"},"modified":"2019-07-09T09:17:16","modified_gmt":"2019-07-09T07:17:16","slug":"productos","status":"publish","type":"page","link":"https:\/\/www.atominternational.fr\/es\/productos\/","title":{"rendered":"Productos"},"content":{"rendered":"<p>[et_pb_section fb_built=\u00bb1&#8243; disabled_on=\u00bbon|off|off\u00bb admin_label=\u00bbFond Menu\u00bb _builder_version=\u00bb3.25.2&#8243; width=\u00bb75%\u00bb module_alignment=\u00bbright\u00bb custom_margin=\u00bb-9px||-9px||true\u00bb custom_padding=\u00bb0px|0px|30px|0px||\u00bb top_divider_style=\u00bbasymmetric4&#8243; top_divider_color=\u00bb#115846&#8243; top_divider_height=\u00bb126px\u00bb global_module=\u00bb151&#8243;][\/et_pb_section][et_pb_section fb_built=\u00bb1&#8243; fullwidth=\u00bbon\u00bb _builder_version=\u00bb3.25.3&#8243;][et_pb_fullwidth_portfolio fullwidth=\u00bboff\u00bb show_date=\u00bboff\u00bb _builder_version=\u00bb3.25.3&#8243; portfolio_header_font=\u00bb||||||||\u00bb custom_margin=\u00bb25px||25px||true\u00bb custom_padding=\u00bb50px|||||\u00bb][\/et_pb_fullwidth_portfolio][\/et_pb_section][et_pb_section fb_built=\u00bb1&#8243; specialty=\u00bbon\u00bb custom_padding_last_edited=\u00bbon|phone\u00bb prev_background_color=\u00bb#ffffff\u00bb padding_1_tablet=\u00bb|10%||10%||true\u00bb disabled_on=\u00bboff|off|off\u00bb admin_label=\u00bbFooter\u00bb _builder_version=\u00bb3.25.2&#8243; use_background_color_gradient=\u00bbon\u00bb background_color_gradient_start=\u00bbrgba(29,38,0,0.14)\u00bb background_color_gradient_end=\u00bbrgba(29,38,0,0.6)\u00bb background_color_gradient_direction=\u00bb45deg\u00bb background_color_gradient_overlays_image=\u00bbon\u00bb background_image=\u00bbhttps:\/\/www.atominternational.fr\/wp-content\/uploads\/2019\/06\/rungis.jpg\u00bb custom_margin=\u00bb7px||\u00bb custom_padding=\u00bb124px|0px|124px|0px|true|false\u00bb custom_padding_phone=\u00bb80px||80px||true\u00bb top_divider_style=\u00bbasymmetric2&#8243; top_divider_flip=\u00bbvertical\u00bb global_module=\u00bb158&#8243; saved_tabs=\u00bball\u00bb collapsed=\u00bboff\u00bb][et_pb_column type=\u00bb1_2&#8243; specialty_columns=\u00bb2&#8243; _builder_version=\u00bb3.25&#8243; custom_padding=\u00bb|||\u00bb custom_padding__hover=\u00bb|||\u00bb][et_pb_row_inner custom_padding=\u00bb|30px||30px|false|true\u00bb padding_top_bottom_link_2=\u00bbtrue\u00bb padding_left_right_link_2=\u00bbtrue\u00bb _builder_version=\u00bb3.25&#8243; background_color=\u00bb#ffffff\u00bb][et_pb_column_inner saved_specialty_column_type=\u00bb1_2&#8243; _builder_version=\u00bb3.25&#8243; custom_padding=\u00bb|||\u00bb custom_padding__hover=\u00bb|||\u00bb][et_pb_text _builder_version=\u00bb3.25.4&#8243; text_font=\u00bb||||||||\u00bb header_font=\u00bb||||||||\u00bb header_2_font=\u00bb||||||||\u00bb header_4_font=\u00bb|700||on|||||\u00bb header_4_text_color=\u00bbrgba(0,0,0,0.5)\u00bb header_4_font_size=\u00bb14px\u00bb header_4_letter_spacing=\u00bb1px\u00bb header_4_line_height=\u00bb1.5em\u00bb]<\/p>\n<h2>Contacto<\/h2>\n<p>&nbsp;<\/p>\n<p>[\/et_pb_text][et_pb_blurb title=\u00bb+33 (0)1 48 84 35 35&#8243; use_icon=\u00bbon\u00bb font_icon=\u00bb%%264%%\u00bb icon_color=\u00bb#293600&#8243; icon_placement=\u00bbleft\u00bb use_icon_font_size=\u00bbon\u00bb icon_font_size=\u00bb20px\u00bb _builder_version=\u00bb3.25.4&#8243; header_font=\u00bb|700||on|||||\u00bb header_text_color=\u00bb#1d2600&#8243; header_font_size=\u00bb14px\u00bb header_line_height=\u00bb1.8em\u00bb body_font=\u00bb||||||||\u00bb background_layout=\u00bbdark\u00bb custom_margin=\u00bb20px|||\u00bb animation=\u00bboff\u00bb][\/et_pb_blurb][et_pb_blurb title=\u00bb contact@atominternational.com\u00bb url=\u00bbmailto:contact@atominternational.com\u00bb use_icon=\u00bbon\u00bb font_icon=\u00bb%%238%%\u00bb icon_color=\u00bb#293600&#8243; icon_placement=\u00bbleft\u00bb use_icon_font_size=\u00bbon\u00bb icon_font_size=\u00bb20px\u00bb _builder_version=\u00bb3.25.4&#8243; header_font=\u00bb|700||on|||||\u00bb header_text_color=\u00bb#1d2600&#8243; header_font_size=\u00bb14px\u00bb header_line_height=\u00bb1.8em\u00bb background_layout=\u00bbdark\u00bb custom_margin=\u00bb20px|||\u00bb animation=\u00bboff\u00bb link_option_url=\u00bbmailto:contact@atominternational.com\u00bb header_font_size_phone=\u00bb12px\u00bb header_font_size_last_edited=\u00bbon|phone\u00bb][\/et_pb_blurb][et_pb_blurb title=\u00bb94 rue de Ch\u00e2teaurenard &#8211; B\u00e2timent D2 \u00bb use_icon=\u00bbon\u00bb font_icon=\u00bb%%249%%\u00bb icon_color=\u00bb#293600&#8243; icon_placement=\u00bbleft\u00bb use_icon_font_size=\u00bbon\u00bb icon_font_size=\u00bb20px\u00bb _builder_version=\u00bb3.25.4&#8243; header_font=\u00bb|700||on|||||\u00bb header_text_color=\u00bb#1d2600&#8243; header_font_size=\u00bb14px\u00bb header_line_height=\u00bb1.8em\u00bb body_font=\u00bb||||||||\u00bb body_text_color=\u00bb#000000&#8243; background_layout=\u00bbdark\u00bb custom_margin=\u00bb20px|||\u00bb animation=\u00bboff\u00bb]<\/p>\n<h4>CP 90233 &#8211; 94582 RUNGIS CEDEX M.I.N. &#8211; FRANCE<\/h4>\n<p>[\/et_pb_blurb][\/et_pb_column_inner][\/et_pb_row_inner][et_pb_row_inner custom_padding=\u00bb0||||false|false\u00bb _builder_version=\u00bb3.25&#8243;][et_pb_column_inner saved_specialty_column_type=\u00bb1_2&#8243; _builder_version=\u00bb3.25&#8243; custom_padding=\u00bb|||\u00bb custom_padding__hover=\u00bb|||\u00bb][et_pb_button button_url=\u00bbhttps:\/\/www.atominternational.fr\/es\/contacto\/\u00bb button_text=\u00bbEnviar un mensaje\u00bb button_alignment=\u00bbright\u00bb _builder_version=\u00bb3.25.3&#8243; custom_button=\u00bbon\u00bb button_text_size=\u00bb16px\u00bb button_bg_color=\u00bb#ffb031&#8243; button_border_width=\u00bb0px\u00bb button_border_radius=\u00bb0px\u00bb button_letter_spacing=\u00bb2px\u00bb button_font=\u00bb|700||on|||||\u00bb button_icon=\u00bb%%3%%\u00bb background_layout=\u00bbdark\u00bb custom_margin=\u00bb|||\u00bb custom_padding=\u00bb16px|40px|16px|40px|true|true\u00bb animation_style=\u00bbfold\u00bb animation_direction=\u00bbtop\u00bb locked=\u00bboff\u00bb button_text_size__hover_enabled=\u00bboff\u00bb button_one_text_size__hover_enabled=\u00bboff\u00bb button_two_text_size__hover_enabled=\u00bboff\u00bb button_text_color__hover_enabled=\u00bboff\u00bb button_one_text_color__hover_enabled=\u00bboff\u00bb button_two_text_color__hover_enabled=\u00bboff\u00bb button_border_width__hover_enabled=\u00bboff\u00bb button_one_border_width__hover_enabled=\u00bboff\u00bb button_two_border_width__hover_enabled=\u00bboff\u00bb button_border_color__hover_enabled=\u00bboff\u00bb button_one_border_color__hover_enabled=\u00bboff\u00bb button_two_border_color__hover_enabled=\u00bboff\u00bb button_border_radius__hover_enabled=\u00bboff\u00bb button_one_border_radius__hover_enabled=\u00bboff\u00bb button_two_border_radius__hover_enabled=\u00bboff\u00bb button_letter_spacing__hover_enabled=\u00bboff\u00bb button_one_letter_spacing__hover_enabled=\u00bboff\u00bb button_two_letter_spacing__hover_enabled=\u00bboff\u00bb button_bg_color__hover_enabled=\u00bboff\u00bb button_one_bg_color__hover_enabled=\u00bboff\u00bb button_two_bg_color__hover_enabled=\u00bboff\u00bb][\/et_pb_button][\/et_pb_column_inner][\/et_pb_row_inner][\/et_pb_column][et_pb_column type=\u00bb1_2&#8243; _builder_version=\u00bb3.25&#8243; custom_padding=\u00bb|||\u00bb custom_padding__hover=\u00bb|||\u00bb][et_pb_text _builder_version=\u00bb3.25.2&#8243; text_font=\u00bb||||||||\u00bb text_font_size=\u00bb16px\u00bb text_line_height=\u00bb2em\u00bb header_2_font=\u00bbCormorant Garamond|700|||||||\u00bb header_2_font_size=\u00bb52px\u00bb header_2_line_height=\u00bb1.2em\u00bb background_layout=\u00bbdark\u00bb custom_margin=\u00bb|||\u00bb header_2_font_size_tablet=\u00bb42px\u00bb header_2_font_size_phone=\u00bb32px\u00bb header_2_font_size_last_edited=\u00bbon|desktop\u00bb locked=\u00bboff\u00bb]<\/p>\n<h2>\u00bfNecesita informaci\u00f3n?<\/h2>\n<p>Para cualquier consulta o listado, puede ponerse en contacto con nosotros por tel\u00e9fono, correo electr\u00f3nico o utilizar el formulario de contacto.<\/p>\n<p>[\/et_pb_text][\/et_pb_column][\/et_pb_section]<\/p>\n","protected":false},"excerpt":{"rendered":"<p>Contacto &nbsp;CP 90233 &#8211; 94582 RUNGIS CEDEX M.I.N. &#8211; FRANCE\u00bfNecesita informaci\u00f3n? Para cualquier consulta o listado, puede ponerse en contacto con nosotros por tel\u00e9fono, correo electr\u00f3nico o utilizar el formulario de contacto.<\/p>\n","protected":false},"author":1,"featured_media":0,"parent":0,"menu_order":0,"comment_status":"closed","ping_status":"closed","template":"","meta":{"_et_pb_use_builder":"on","_et_pb_old_content":"<p>\u00a0<\/p>\r\n<!-- wp:divi\/placeholder \/-->","_et_gb_content_width":"","footnotes":""},"class_list":["post-1187","page","type-page","status-publish","hentry"],"yoast_head":"<!-- This site is optimized with the Yoast SEO plugin v25.5 - https:\/\/yoast.com\/wordpress\/plugins\/seo\/ -->\n<title>Productos - ATOM<\/title>\n<meta name=\"robots\" content=\"index, follow, max-snippet:-1, max-image-preview:large, max-video-preview:-1\" \/>\n<link rel=\"canonical\" href=\"https:\/\/www.atominternational.fr\/es\/productos\/\" \/>\n<meta property=\"og:locale\" content=\"es_ES\" \/>\n<meta property=\"og:type\" content=\"article\" \/>\n<meta property=\"og:title\" content=\"Productos - ATOM\" \/>\n<meta property=\"og:description\" content=\"Contacto &nbsp;CP 90233 - 94582 RUNGIS CEDEX M.I.N. - FRANCE\u00bfNecesita informaci\u00f3n? Para cualquier consulta o listado, puede ponerse en contacto con nosotros por tel\u00e9fono, correo electr\u00f3nico o utilizar el formulario de contacto.\" \/>\n<meta property=\"og:url\" content=\"https:\/\/www.atominternational.fr\/es\/productos\/\" \/>\n<meta property=\"og:site_name\" content=\"ATOM\" \/>\n<meta property=\"article:modified_time\" content=\"2019-07-09T07:17:16+00:00\" \/>\n<meta name=\"twitter:card\" content=\"summary_large_image\" \/>\n<meta name=\"twitter:label1\" content=\"Tiempo de lectura\" \/>\n\t<meta name=\"twitter:data1\" content=\"4 minutos\" \/>\n<script type=\"application\/ld+json\" class=\"yoast-schema-graph\">{\"@context\":\"https:\/\/schema.org\",\"@graph\":[{\"@type\":\"WebPage\",\"@id\":\"https:\/\/www.atominternational.fr\/es\/productos\/\",\"url\":\"https:\/\/www.atominternational.fr\/es\/productos\/\",\"name\":\"Productos - ATOM\",\"isPartOf\":{\"@id\":\"https:\/\/www.atominternational.fr\/es\/#website\"},\"datePublished\":\"2019-07-04T16:36:57+00:00\",\"dateModified\":\"2019-07-09T07:17:16+00:00\",\"breadcrumb\":{\"@id\":\"https:\/\/www.atominternational.fr\/es\/productos\/#breadcrumb\"},\"inLanguage\":\"es\",\"potentialAction\":[{\"@type\":\"ReadAction\",\"target\":[\"https:\/\/www.atominternational.fr\/es\/productos\/\"]}]},{\"@type\":\"BreadcrumbList\",\"@id\":\"https:\/\/www.atominternational.fr\/es\/productos\/#breadcrumb\",\"itemListElement\":[{\"@type\":\"ListItem\",\"position\":1,\"name\":\"Accueil\",\"item\":\"https:\/\/www.atominternational.fr\/es\/\"},{\"@type\":\"ListItem\",\"position\":2,\"name\":\"Productos\"}]},{\"@type\":\"WebSite\",\"@id\":\"https:\/\/www.atominternational.fr\/es\/#website\",\"url\":\"https:\/\/www.atominternational.fr\/es\/\",\"name\":\"ATOM\",\"description\":\"Exportateur de produits agro-alimentaires vers l&#039;Afrique, les Dom-Tom et l&#039;Asie\",\"potentialAction\":[{\"@type\":\"SearchAction\",\"target\":{\"@type\":\"EntryPoint\",\"urlTemplate\":\"https:\/\/www.atominternational.fr\/es\/?s={search_term_string}\"},\"query-input\":{\"@type\":\"PropertyValueSpecification\",\"valueRequired\":true,\"valueName\":\"search_term_string\"}}],\"inLanguage\":\"es\"}]}<\/script>\n<!-- \/ Yoast SEO plugin. -->","yoast_head_json":{"title":"Productos - ATOM","robots":{"index":"index","follow":"follow","max-snippet":"max-snippet:-1","max-image-preview":"max-image-preview:large","max-video-preview":"max-video-preview:-1"},"canonical":"https:\/\/www.atominternational.fr\/es\/productos\/","og_locale":"es_ES","og_type":"article","og_title":"Productos - ATOM","og_description":"Contacto &nbsp;CP 90233 - 94582 RUNGIS CEDEX M.I.N. - FRANCE\u00bfNecesita informaci\u00f3n? Para cualquier consulta o listado, puede ponerse en contacto con nosotros por tel\u00e9fono, correo electr\u00f3nico o utilizar el formulario de contacto.","og_url":"https:\/\/www.atominternational.fr\/es\/productos\/","og_site_name":"ATOM","article_modified_time":"2019-07-09T07:17:16+00:00","twitter_card":"summary_large_image","twitter_misc":{"Tiempo de lectura":"4 minutos"},"schema":{"@context":"https:\/\/schema.org","@graph":[{"@type":"WebPage","@id":"https:\/\/www.atominternational.fr\/es\/productos\/","url":"https:\/\/www.atominternational.fr\/es\/productos\/","name":"Productos - ATOM","isPartOf":{"@id":"https:\/\/www.atominternational.fr\/es\/#website"},"datePublished":"2019-07-04T16:36:57+00:00","dateModified":"2019-07-09T07:17:16+00:00","breadcrumb":{"@id":"https:\/\/www.atominternational.fr\/es\/productos\/#breadcrumb"},"inLanguage":"es","potentialAction":[{"@type":"ReadAction","target":["https:\/\/www.atominternational.fr\/es\/productos\/"]}]},{"@type":"BreadcrumbList","@id":"https:\/\/www.atominternational.fr\/es\/productos\/#breadcrumb","itemListElement":[{"@type":"ListItem","position":1,"name":"Accueil","item":"https:\/\/www.atominternational.fr\/es\/"},{"@type":"ListItem","position":2,"name":"Productos"}]},{"@type":"WebSite","@id":"https:\/\/www.atominternational.fr\/es\/#website","url":"https:\/\/www.atominternational.fr\/es\/","name":"ATOM","description":"Exportateur de produits agro-alimentaires vers l&#039;Afrique, les Dom-Tom et l&#039;Asie","potentialAction":[{"@type":"SearchAction","target":{"@type":"EntryPoint","urlTemplate":"https:\/\/www.atominternational.fr\/es\/?s={search_term_string}"},"query-input":{"@type":"PropertyValueSpecification","valueRequired":true,"valueName":"search_term_string"}}],"inLanguage":"es"}]}},"_links":{"self":[{"href":"https:\/\/www.atominternational.fr\/es\/wp-json\/wp\/v2\/pages\/1187","targetHints":{"allow":["GET"]}}],"collection":[{"href":"https:\/\/www.atominternational.fr\/es\/wp-json\/wp\/v2\/pages"}],"about":[{"href":"https:\/\/www.atominternational.fr\/es\/wp-json\/wp\/v2\/types\/page"}],"author":[{"embeddable":true,"href":"https:\/\/www.atominternational.fr\/es\/wp-json\/wp\/v2\/users\/1"}],"replies":[{"embeddable":true,"href":"https:\/\/www.atominternational.fr\/es\/wp-json\/wp\/v2\/comments?post=1187"}],"version-history":[{"count":5,"href":"https:\/\/www.atominternational.fr\/es\/wp-json\/wp\/v2\/pages\/1187\/revisions"}],"predecessor-version":[{"id":1769,"href":"https:\/\/www.atominternational.fr\/es\/wp-json\/wp\/v2\/pages\/1187\/revisions\/1769"}],"wp:attachment":[{"href":"https:\/\/www.atominternational.fr\/es\/wp-json\/wp\/v2\/media?parent=1187"}],"curies":[{"name":"wp","href":"https:\/\/api.w.org\/{rel}","templated":true}]}}